{"id":18,"date":"2024-06-17T13:39:55","date_gmt":"2024-06-17T13:39:55","guid":{"rendered":"https:\/\/energie-circulaire.com\/?page_id=18"},"modified":"2024-09-05T11:10:21","modified_gmt":"2024-09-05T11:10:21","slug":"contact","status":"publish","type":"page","link":"https:\/\/energie-circulaire.com\/en\/contact\/","title":{"rendered":"Contact"},"content":{"rendered":"<div data-elementor-type=\"wp-post\" data-elementor-id=\"18\" class=\"elementor elementor-18\" data-elementor-post-type=\"page\">\n\t\t\t\t<div class=\"elementor-element elementor-element-cb739dd e-flex e-con-boxed e-con e-parent\" data-id=\"cb739dd\" data-element_type=\"container\" data-settings=\"{&quot;background_background&quot;:&quot;classic&quot;}\">\n\t\t\t\t\t<div class=\"e-con-inner\">\n\t\t\t\t<div class=\"elementor-element elementor-element-235d186 elementor-widget elementor-widget-heading\" data-id=\"235d186\" data-element_type=\"widget\" data-widget_type=\"heading.default\">\n\t\t\t\t<div class=\"elementor-widget-container\">\n\t\t\t<h1 class=\"elementor-heading-title elementor-size-default\">Contact<\/h1>\t\t<\/div>\n\t\t\t\t<\/div>\n\t\t\t\t<div class=\"elementor-element elementor-element-0b3521c elementor-widget elementor-widget-text-editor\" data-id=\"0b3521c\" data-element_type=\"widget\" data-widget_type=\"text-editor.default\">\n\t\t\t\t<div class=\"elementor-widget-container\">\n\t\t\t\t\t\t\t<p>Send us a message and we'll get back to you as soon as possible.<\/p>\t\t\t\t\t\t<\/div>\n\t\t\t\t<\/div>\n\t\t\t\t\t<\/div>\n\t\t\t\t<\/div>\n\t\t<div class=\"elementor-element elementor-element-2c7a7c0 e-flex e-con-boxed e-con e-parent\" data-id=\"2c7a7c0\" data-element_type=\"container\">\n\t\t\t\t\t<div class=\"e-con-inner\">\n\t\t<div class=\"elementor-element elementor-element-c0b05b6 e-con-full e-flex e-con e-child\" data-id=\"c0b05b6\" data-element_type=\"container\">\n\t\t\t\t<div class=\"elementor-element elementor-element-5e3958a elementor-widget elementor-widget-heading\" data-id=\"5e3958a\" data-element_type=\"widget\" data-widget_type=\"heading.default\">\n\t\t\t\t<div class=\"elementor-widget-container\">\n\t\t\t<h2 class=\"elementor-heading-title elementor-size-default\">Addresses<\/h2>\t\t<\/div>\n\t\t\t\t<\/div>\n\t\t\t\t<div class=\"elementor-element elementor-element-9bc4910 elementor-widget elementor-widget-text-editor\" data-id=\"9bc4910\" data-element_type=\"widget\" data-widget_type=\"text-editor.default\">\n\t\t\t\t<div class=\"elementor-widget-container\">\n\t\t\t\t\t\t\t<p><strong>Business address :<\/strong> <br \/>1 rue du Moulin des Bruy\u00e8res, 92400 Courbevoie, France<\/p>\t\t\t\t\t\t<\/div>\n\t\t\t\t<\/div>\n\t\t\t\t<div class=\"elementor-element elementor-element-b274abf elementor-widget-divider--view-line elementor-widget elementor-widget-divider\" data-id=\"b274abf\" data-element_type=\"widget\" data-widget_type=\"divider.default\">\n\t\t\t\t<div class=\"elementor-widget-container\">\n\t\t\t\t\t<div class=\"elementor-divider\">\n\t\t\t<span class=\"elementor-divider-separator\">\n\t\t\t\t\t\t<\/span>\n\t\t<\/div>\n\t\t\t\t<\/div>\n\t\t\t\t<\/div>\n\t\t\t\t<div class=\"elementor-element elementor-element-4ac5e41 elementor-widget elementor-widget-text-editor\" data-id=\"4ac5e41\" data-element_type=\"widget\" data-widget_type=\"text-editor.default\">\n\t\t\t\t<div class=\"elementor-widget-container\">\n\t\t\t\t\t\t\t<p><strong>Administrative address :<\/strong> <br \/>14 rue du Vieux Faubourg, 59800 Lille, France<\/p>\t\t\t\t\t\t<\/div>\n\t\t\t\t<\/div>\n\t\t\t\t<\/div>\n\t\t\t\t\t<\/div>\n\t\t\t\t<\/div>\n\t\t<div class=\"elementor-element elementor-element-36e51da e-flex e-con-boxed e-con e-parent\" data-id=\"36e51da\" data-element_type=\"container\">\n\t\t\t\t\t<div class=\"e-con-inner\">\n\t\t<div class=\"elementor-element elementor-element-9eb56ac e-con-full e-flex e-con e-child\" data-id=\"9eb56ac\" data-element_type=\"container\">\n\t\t\t\t<div class=\"elementor-element elementor-element-23b9faf elementor-widget elementor-widget-heading\" data-id=\"23b9faf\" data-element_type=\"widget\" data-widget_type=\"heading.default\">\n\t\t\t\t<div class=\"elementor-widget-container\">\n\t\t\t<h2 class=\"elementor-heading-title elementor-size-default\">Write to us<\/h2>\t\t<\/div>\n\t\t\t\t<\/div>\n\t\t\t\t<div class=\"elementor-element elementor-element-5d2eabc elementor-widget elementor-widget-text-editor\" data-id=\"5d2eabc\" data-element_type=\"widget\" data-widget_type=\"text-editor.default\">\n\t\t\t\t<div class=\"elementor-widget-container\">\n\t\t\t\t\t\t\t<p><a href=\"mailto:contact@energie-circulaire.com\">contact@energie-circulaire.com<\/a><\/p>\t\t\t\t\t\t<\/div>\n\t\t\t\t<\/div>\n\t\t\t\t<\/div>\n\t\t\t\t\t<\/div>\n\t\t\t\t<\/div>\n\t\t<div class=\"elementor-element elementor-element-c8b40fc e-flex e-con-boxed e-con e-parent\" data-id=\"c8b40fc\" data-element_type=\"container\">\n\t\t\t\t\t<div class=\"e-con-inner\">\n\t\t<div class=\"elementor-element elementor-element-ed26906 e-con-full e-flex e-con e-child\" data-id=\"ed26906\" data-element_type=\"container\">\n\t\t\t\t<div class=\"elementor-element elementor-element-d6d09aa elementor-widget elementor-widget-heading\" data-id=\"d6d09aa\" data-element_type=\"widget\" data-widget_type=\"heading.default\">\n\t\t\t\t<div class=\"elementor-widget-container\">\n\t\t\t<h2 class=\"elementor-heading-title elementor-size-default\">Send us a message!<\/h2>\t\t<\/div>\n\t\t\t\t<\/div>\n\t\t\t\t<div class=\"elementor-element elementor-element-1921164 elementor-widget elementor-widget-text-editor\" data-id=\"1921164\" data-element_type=\"widget\" data-widget_type=\"text-editor.default\">\n\t\t\t\t<div class=\"elementor-widget-container\">\n\t\t\t\t\t\t\t<p>All fields are required<\/p>\t\t\t\t\t\t<\/div>\n\t\t\t\t<\/div>\n\t\t\t\t<div class=\"elementor-element elementor-element-d63e65a elementor-button-align-start elementor-widget elementor-widget-form\" data-id=\"d63e65a\" data-element_type=\"widget\" data-settings=\"{&quot;step_next_label&quot;:&quot;Suivant&quot;,&quot;step_previous_label&quot;:&quot;Pr\\u00e9c\\u00e9dent&quot;,&quot;button_width&quot;:&quot;100&quot;,&quot;step_type&quot;:&quot;number_text&quot;,&quot;step_icon_shape&quot;:&quot;circle&quot;}\" data-widget_type=\"form.default\">\n\t\t\t\t<div class=\"elementor-widget-container\">\n\t\t\t\t\t<form class=\"elementor-form\" method=\"post\" name=\"Nouveau formulaire\">\n\t\t\t<input type=\"hidden\" name=\"post_id\" value=\"18\"\/>\n\t\t\t<input type=\"hidden\" name=\"form_id\" value=\"d63e65a\"\/>\n\t\t\t<input type=\"hidden\" name=\"referer_title\" value=\"\u00c9nergie Circulaire\" \/>\n\n\t\t\t\n\t\t\t<div class=\"elementor-form-fields-wrapper elementor-labels-above\">\n\t\t\t\t\t\t\t\t<div class=\"elementor-field-type-text elementor-field-group elementor-column elementor-field-group-name elementor-col-100 elementor-field-required\">\n\t\t\t\t\t\t\t\t\t\t\t\t<label for=\"form-field-name\" class=\"elementor-field-label\">\n\t\t\t\t\t\t\t\tYour first and last name\t\t\t\t\t\t\t<\/label>\n\t\t\t\t\t\t\t\t\t\t\t\t\t\t<input size=\"1\" type=\"text\" name=\"form_fields[name]\" id=\"form-field-name\" class=\"elementor-field elementor-size-sm  elementor-field-textual\" required=\"required\" aria-required=\"true\">\n\t\t\t\t\t\t\t\t\t\t\t<\/div>\n\t\t\t\t\t\t\t\t<div class=\"elementor-field-type-text elementor-field-group elementor-column elementor-field-group-field_02c20f5 elementor-col-100 elementor-field-required\">\n\t\t\t\t\t\t\t\t\t\t\t\t<label for=\"form-field-field_02c20f5\" class=\"elementor-field-label\">\n\t\t\t\t\t\t\t\tCompany\t\t\t\t\t\t\t<\/label>\n\t\t\t\t\t\t\t\t\t\t\t\t\t\t<input size=\"1\" type=\"text\" name=\"form_fields[field_02c20f5]\" id=\"form-field-field_02c20f5\" class=\"elementor-field elementor-size-sm  elementor-field-textual\" required=\"required\" aria-required=\"true\">\n\t\t\t\t\t\t\t\t\t\t\t<\/div>\n\t\t\t\t\t\t\t\t<div class=\"elementor-field-type-text elementor-field-group elementor-column elementor-field-group-field_3d1faf7 elementor-col-100 elementor-field-required\">\n\t\t\t\t\t\t\t\t\t\t\t\t<label for=\"form-field-field_3d1faf7\" class=\"elementor-field-label\">\n\t\t\t\t\t\t\t\tSubject of your message\t\t\t\t\t\t\t<\/label>\n\t\t\t\t\t\t\t\t\t\t\t\t\t\t<input size=\"1\" type=\"text\" name=\"form_fields[field_3d1faf7]\" id=\"form-field-field_3d1faf7\" class=\"elementor-field elementor-size-sm  elementor-field-textual\" required=\"required\" aria-required=\"true\">\n\t\t\t\t\t\t\t\t\t\t\t<\/div>\n\t\t\t\t\t\t\t\t<div class=\"elementor-field-type-email elementor-field-group elementor-column elementor-field-group-email elementor-col-100 elementor-field-required\">\n\t\t\t\t\t\t\t\t\t\t\t\t<label for=\"form-field-email\" class=\"elementor-field-label\">\n\t\t\t\t\t\t\t\tYour e-mail\t\t\t\t\t\t\t<\/label>\n\t\t\t\t\t\t\t\t\t\t\t\t\t\t<input size=\"1\" type=\"email\" name=\"form_fields[email]\" id=\"form-field-email\" class=\"elementor-field elementor-size-sm  elementor-field-textual\" required=\"required\" aria-required=\"true\">\n\t\t\t\t\t\t\t\t\t\t\t<\/div>\n\t\t\t\t\t\t\t\t<div class=\"elementor-field-type-textarea elementor-field-group elementor-column elementor-field-group-message elementor-col-100 elementor-field-required\">\n\t\t\t\t\t\t\t\t\t\t\t\t<label for=\"form-field-message\" class=\"elementor-field-label\">\n\t\t\t\t\t\t\t\tMessage\t\t\t\t\t\t\t<\/label>\n\t\t\t\t\t\t<textarea class=\"elementor-field-textual elementor-field  elementor-size-sm\" name=\"form_fields[message]\" id=\"form-field-message\" rows=\"10\" required=\"required\" aria-required=\"true\"><\/textarea>\t\t\t\t<\/div>\n\t\t\t\t\t\t\t\t<div class=\"elementor-field-type-recaptcha_v3 elementor-field-group elementor-column elementor-field-group-field_b81e149 elementor-col-100 recaptcha_v3-inline\">\n\t\t\t\t\t<div class=\"elementor-field\" id=\"form-field-field_b81e149\"><div class=\"elementor-g-recaptcha\" data-sitekey=\"6Ldhnw0qAAAAADgYfP7YanxTfc_9rMsu_c7GxfvF\" data-type=\"v3\" data-action=\"Form\" data-badge=\"inline\" data-size=\"invisible\"><\/div><\/div>\t\t\t\t<\/div>\n\t\t\t\t\t\t\t\t<div class=\"elementor-field-group elementor-column elementor-field-type-submit elementor-col-100 e-form__buttons\">\n\t\t\t\t\t<button class=\"elementor-button elementor-size-sm elementor-animation-float\" type=\"submit\">\n\t\t\t\t\t\t<span class=\"elementor-button-content-wrapper\">\n\t\t\t\t\t\t\t\t\t\t\t\t\t\t\t\t\t\t\t\t\t\t<span class=\"elementor-button-text\">Send<\/span>\n\t\t\t\t\t\t\t\t\t\t\t\t\t<\/span>\n\t\t\t\t\t<\/button>\n\t\t\t\t<\/div>\n\t\t\t<\/div>\n\t\t<input type=\"hidden\" name=\"trp-form-language\" value=\"en\"\/><\/form>\n\t\t\t\t<\/div>\n\t\t\t\t<\/div>\n\t\t\t\t<\/div>\n\t\t\t\t\t<\/div>\n\t\t\t\t<\/div>\n\t\t\t\t<\/div>","protected":false},"excerpt":{"rendered":"<p>Contact Send us a message and we'll get back to you as soon as possible. Addresses Business address: 1 rue du Moulin des Bruy\u00e8res, 92400 Courbevoie, France Administrative address: 14 rue du Vieux Faubourg, 59800 Lille, France Contact us contact@energie-circulaire.com Send us a message! All fields are required<\/p>","protected":false},"author":1,"featured_media":0,"parent":0,"menu_order":0,"comment_status":"closed","ping_status":"closed","template":"","meta":{"_acf_changed":false,"footnotes":""},"class_list":["post-18","page","type-page","status-publish","hentry"],"acf":[],"yoast_head":"<!-- This site is optimized with the Yoast SEO plugin v23.8 - https:\/\/yoast.com\/wordpress\/plugins\/seo\/ -->\n<title>Contact - \u00c9nergie Circulaire<\/title>\n<meta name=\"robots\" content=\"index, follow, max-snippet:-1, max-image-preview:large, max-video-preview:-1\" \/>\n<link rel=\"canonical\" href=\"https:\/\/energie-circulaire.com\/en\/contact\/\" \/>\n<meta property=\"og:locale\" content=\"en_GB\" \/>\n<meta property=\"og:type\" content=\"article\" \/>\n<meta property=\"og:title\" content=\"Contact - \u00c9nergie Circulaire\" \/>\n<meta property=\"og:description\" content=\"Contact Envoyez-nous un message, nous vous r\u00e9pondrons dans les plus brefs d\u00e9lais. Adresses Adresse commerciale : 1 rue du Moulin des Bruy\u00e8res, 92400 Courbevoie, France Adresse administrative : 14 rue du Vieux Faubourg, 59800 Lille, France Nous \u00e9crire contact@energie-circulaire.com Envoyez-nous un message ! Tous les champs sont requis\" \/>\n<meta property=\"og:url\" content=\"https:\/\/energie-circulaire.com\/en\/contact\/\" \/>\n<meta property=\"og:site_name\" content=\"\u00c9nergie Circulaire\" \/>\n<meta property=\"article:modified_time\" content=\"2024-09-05T11:10:21+00:00\" \/>\n<meta name=\"twitter:card\" content=\"summary_large_image\" \/>\n<script type=\"application\/ld+json\" class=\"yoast-schema-graph\">{\"@context\":\"https:\/\/schema.org\",\"@graph\":[{\"@type\":\"WebPage\",\"@id\":\"https:\/\/energie-circulaire.com\/contact\/\",\"url\":\"https:\/\/energie-circulaire.com\/contact\/\",\"name\":\"Contact - \u00c9nergie Circulaire\",\"isPartOf\":{\"@id\":\"https:\/\/energie-circulaire.com\/#website\"},\"datePublished\":\"2024-06-17T13:39:55+00:00\",\"dateModified\":\"2024-09-05T11:10:21+00:00\",\"breadcrumb\":{\"@id\":\"https:\/\/energie-circulaire.com\/contact\/#breadcrumb\"},\"inLanguage\":\"en-GB\",\"potentialAction\":[{\"@type\":\"ReadAction\",\"target\":[\"https:\/\/energie-circulaire.com\/contact\/\"]}]},{\"@type\":\"BreadcrumbList\",\"@id\":\"https:\/\/energie-circulaire.com\/contact\/#breadcrumb\",\"itemListElement\":[{\"@type\":\"ListItem\",\"position\":1,\"name\":\"Accueil\",\"item\":\"https:\/\/energie-circulaire.com\/\"},{\"@type\":\"ListItem\",\"position\":2,\"name\":\"Contact\"}]},{\"@type\":\"WebSite\",\"@id\":\"https:\/\/energie-circulaire.com\/#website\",\"url\":\"https:\/\/energie-circulaire.com\/\",\"name\":\"\u00c9nergie Circulaire\",\"description\":\"Recovering fatal industrial energy with ORC\",\"publisher\":{\"@id\":\"https:\/\/energie-circulaire.com\/#organization\"},\"potentialAction\":[{\"@type\":\"SearchAction\",\"target\":{\"@type\":\"EntryPoint\",\"urlTemplate\":\"https:\/\/energie-circulaire.com\/?s={search_term_string}\"},\"query-input\":{\"@type\":\"PropertyValueSpecification\",\"valueRequired\":true,\"valueName\":\"search_term_string\"}}],\"inLanguage\":\"en-GB\"},{\"@type\":\"Organization\",\"@id\":\"https:\/\/energie-circulaire.com\/#organization\",\"name\":\"\u00c9nergie Circulaire\",\"url\":\"https:\/\/energie-circulaire.com\/\",\"logo\":{\"@type\":\"ImageObject\",\"inLanguage\":\"en-GB\",\"@id\":\"https:\/\/energie-circulaire.com\/#\/schema\/logo\/image\/\",\"url\":\"https:\/\/energie-circulaire.com\/wp-content\/uploads\/2024\/06\/ENCI-Logo2024-RVB.svg\",\"contentUrl\":\"https:\/\/energie-circulaire.com\/wp-content\/uploads\/2024\/06\/ENCI-Logo2024-RVB.svg\",\"width\":543,\"height\":164,\"caption\":\"\u00c9nergie Circulaire\"},\"image\":{\"@id\":\"https:\/\/energie-circulaire.com\/#\/schema\/logo\/image\/\"}}]}<\/script>\n<!-- \/ Yoast SEO plugin. -->","yoast_head_json":{"title":"Contact - \u00c9nergie Circulaire","robots":{"index":"index","follow":"follow","max-snippet":"max-snippet:-1","max-image-preview":"max-image-preview:large","max-video-preview":"max-video-preview:-1"},"canonical":"https:\/\/energie-circulaire.com\/en\/contact\/","og_locale":"en_GB","og_type":"article","og_title":"Contact - \u00c9nergie Circulaire","og_description":"Contact Envoyez-nous un message, nous vous r\u00e9pondrons dans les plus brefs d\u00e9lais. Adresses Adresse commerciale : 1 rue du Moulin des Bruy\u00e8res, 92400 Courbevoie, France Adresse administrative : 14 rue du Vieux Faubourg, 59800 Lille, France Nous \u00e9crire contact@energie-circulaire.com Envoyez-nous un message ! Tous les champs sont requis","og_url":"https:\/\/energie-circulaire.com\/en\/contact\/","og_site_name":"\u00c9nergie Circulaire","article_modified_time":"2024-09-05T11:10:21+00:00","twitter_card":"summary_large_image","schema":{"@context":"https:\/\/schema.org","@graph":[{"@type":"WebPage","@id":"https:\/\/energie-circulaire.com\/contact\/","url":"https:\/\/energie-circulaire.com\/contact\/","name":"Contact - \u00c9nergie Circulaire","isPartOf":{"@id":"https:\/\/energie-circulaire.com\/#website"},"datePublished":"2024-06-17T13:39:55+00:00","dateModified":"2024-09-05T11:10:21+00:00","breadcrumb":{"@id":"https:\/\/energie-circulaire.com\/contact\/#breadcrumb"},"inLanguage":"en-GB","potentialAction":[{"@type":"ReadAction","target":["https:\/\/energie-circulaire.com\/contact\/"]}]},{"@type":"BreadcrumbList","@id":"https:\/\/energie-circulaire.com\/contact\/#breadcrumb","itemListElement":[{"@type":"ListItem","position":1,"name":"Accueil","item":"https:\/\/energie-circulaire.com\/"},{"@type":"ListItem","position":2,"name":"Contact"}]},{"@type":"WebSite","@id":"https:\/\/energie-circulaire.com\/#website","url":"https:\/\/energie-circulaire.com\/","name":"\u00c9nergie Circulaire","description":"Recovering fatal industrial energy with ORC","publisher":{"@id":"https:\/\/energie-circulaire.com\/#organization"},"potentialAction":[{"@type":"SearchAction","target":{"@type":"EntryPoint","urlTemplate":"https:\/\/energie-circulaire.com\/?s={search_term_string}"},"query-input":{"@type":"PropertyValueSpecification","valueRequired":true,"valueName":"search_term_string"}}],"inLanguage":"en-GB"},{"@type":"Organization","@id":"https:\/\/energie-circulaire.com\/#organization","name":"\u00c9nergie Circulaire","url":"https:\/\/energie-circulaire.com\/","logo":{"@type":"ImageObject","inLanguage":"en-GB","@id":"https:\/\/energie-circulaire.com\/#\/schema\/logo\/image\/","url":"https:\/\/energie-circulaire.com\/wp-content\/uploads\/2024\/06\/ENCI-Logo2024-RVB.svg","contentUrl":"https:\/\/energie-circulaire.com\/wp-content\/uploads\/2024\/06\/ENCI-Logo2024-RVB.svg","width":543,"height":164,"caption":"\u00c9nergie Circulaire"},"image":{"@id":"https:\/\/energie-circulaire.com\/#\/schema\/logo\/image\/"}}]}},"_links":{"self":[{"href":"https:\/\/energie-circulaire.com\/en\/wp-json\/wp\/v2\/pages\/18","targetHints":{"allow":["GET"]}}],"collection":[{"href":"https:\/\/energie-circulaire.com\/en\/wp-json\/wp\/v2\/pages"}],"about":[{"href":"https:\/\/energie-circulaire.com\/en\/wp-json\/wp\/v2\/types\/page"}],"author":[{"embeddable":true,"href":"https:\/\/energie-circulaire.com\/en\/wp-json\/wp\/v2\/users\/1"}],"replies":[{"embeddable":true,"href":"https:\/\/energie-circulaire.com\/en\/wp-json\/wp\/v2\/comments?post=18"}],"version-history":[{"count":30,"href":"https:\/\/energie-circulaire.com\/en\/wp-json\/wp\/v2\/pages\/18\/revisions"}],"predecessor-version":[{"id":3190,"href":"https:\/\/energie-circulaire.com\/en\/wp-json\/wp\/v2\/pages\/18\/revisions\/3190"}],"wp:attachment":[{"href":"https:\/\/energie-circulaire.com\/en\/wp-json\/wp\/v2\/media?parent=18"}],"curies":[{"name":"wp","href":"https:\/\/api.w.org\/{rel}","templated":true}]}}