{"id":2453,"date":"2024-07-11T10:18:47","date_gmt":"2024-07-11T10:18:47","guid":{"rendered":"https:\/\/www.energiecirculaire.apimixweb.fr\/?page_id=2453"},"modified":"2024-09-30T10:07:31","modified_gmt":"2024-09-30T10:07:31","slug":"mentions-legales","status":"publish","type":"page","link":"https:\/\/energie-circulaire.com\/en\/mentions-legales\/","title":{"rendered":"Legal information"},"content":{"rendered":"<div data-elementor-type=\"wp-page\" data-elementor-id=\"2453\" class=\"elementor elementor-2453\" data-elementor-post-type=\"page\">\n\t\t\t\t<div class=\"elementor-element elementor-element-1ebedfc e-flex e-con-boxed e-con e-parent\" data-id=\"1ebedfc\" data-element_type=\"container\" data-settings=\"{&quot;background_background&quot;:&quot;classic&quot;}\">\n\t\t\t\t\t<div class=\"e-con-inner\">\n\t\t\t\t<div class=\"elementor-element elementor-element-11908fa elementor-widget elementor-widget-heading\" data-id=\"11908fa\" data-element_type=\"widget\" data-widget_type=\"heading.default\">\n\t\t\t\t<div class=\"elementor-widget-container\">\n\t\t\t<h1 class=\"elementor-heading-title elementor-size-default\">Legal information<\/h1>\t\t<\/div>\n\t\t\t\t<\/div>\n\t\t\t\t\t<\/div>\n\t\t\t\t<\/div>\n\t\t<div class=\"elementor-element elementor-element-bb5f6ca e-flex e-con-boxed e-con e-parent\" data-id=\"bb5f6ca\" data-element_type=\"container\">\n\t\t\t\t\t<div class=\"e-con-inner\">\n\t\t<div class=\"elementor-element elementor-element-491444e e-con-full e-flex e-con e-child\" data-id=\"491444e\" data-element_type=\"container\">\n\t\t\t\t<div class=\"elementor-element elementor-element-129b584 elementor-widget elementor-widget-text-editor\" data-id=\"129b584\" data-element_type=\"widget\" data-widget_type=\"text-editor.default\">\n\t\t\t\t<div class=\"elementor-widget-container\">\n\t\t\t\t\t\t\t<p>In accordance with the provisions of Law No. 2004-575 of 21 June 2004 on confidence in the digital economy, users of the Circular Energy website are informed of the identity of the various parties involved in its creation and monitoring.<\/p>\t\t\t\t\t\t<\/div>\n\t\t\t\t<\/div>\n\t\t\t\t<\/div>\n\t\t\t\t\t<\/div>\n\t\t\t\t<\/div>\n\t\t<div class=\"elementor-element elementor-element-4297bce e-flex e-con-boxed e-con e-parent\" data-id=\"4297bce\" data-element_type=\"container\">\n\t\t\t\t\t<div class=\"e-con-inner\">\n\t\t<div class=\"elementor-element elementor-element-20dc9d2 e-con-full e-flex e-con e-child\" data-id=\"20dc9d2\" data-element_type=\"container\">\n\t\t\t\t<div class=\"elementor-element elementor-element-04f8eac elementor-widget elementor-widget-heading\" data-id=\"04f8eac\" data-element_type=\"widget\" data-widget_type=\"heading.default\">\n\t\t\t\t<div class=\"elementor-widget-container\">\n\t\t\t<h2 class=\"elementor-heading-title elementor-size-default\">Editing the site<\/h2>\t\t<\/div>\n\t\t\t\t<\/div>\n\t\t\t\t<div class=\"elementor-element elementor-element-f1a2a7a elementor-widget elementor-widget-text-editor\" data-id=\"f1a2a7a\" data-element_type=\"widget\" data-widget_type=\"text-editor.default\">\n\t\t\t\t<div class=\"elementor-widget-container\">\n\t\t\t\t\t\t\t<p>This site, accessible at URL <a href=\"https:\/\/energie-circulaire.com\/en\/\">https:\/\/energie-circulaire.com\/<\/a>\u00a0(the \"Site\"), is published by :<\/p><p>ENERGIE CIRCULAIRE, a company with capital of 480,950 euros, registered with the Lille M\u00e9tropole Trade and Companies Register under number 883 429 656, whose registered office is located at 14 rue du Vieux Faubourg 59042 Lille CEDEX, represented by Gilles David, duly authorised.<\/p><p>The publisher's individual VAT number is: FR78883429656.<\/p>\t\t\t\t\t\t<\/div>\n\t\t\t\t<\/div>\n\t\t\t\t<\/div>\n\t\t<div class=\"elementor-element elementor-element-a802a6b e-con-full e-flex e-con e-child\" data-id=\"a802a6b\" data-element_type=\"container\">\n\t\t\t\t<div class=\"elementor-element elementor-element-3e2b10c elementor-widget elementor-widget-heading\" data-id=\"3e2b10c\" data-element_type=\"widget\" data-widget_type=\"heading.default\">\n\t\t\t\t<div class=\"elementor-widget-container\">\n\t\t\t<h2 class=\"elementor-heading-title elementor-size-default\">Hosting<\/h2>\t\t<\/div>\n\t\t\t\t<\/div>\n\t\t\t\t<div class=\"elementor-element elementor-element-c35e28a elementor-widget elementor-widget-text-editor\" data-id=\"c35e28a\" data-element_type=\"widget\" data-widget_type=\"text-editor.default\">\n\t\t\t\t<div class=\"elementor-widget-container\">\n\t\t\t\t\t\t\t<p>The Site is hosted by OVH, located at 2 rue Kellermann - 59100 Roubaix, France.<\/p><p>Telephone contact: +33 (0)8 99 70 17 61.<\/p>\t\t\t\t\t\t<\/div>\n\t\t\t\t<\/div>\n\t\t\t\t<div class=\"elementor-element elementor-element-61be679 elementor-widget elementor-widget-heading\" data-id=\"61be679\" data-element_type=\"widget\" data-widget_type=\"heading.default\">\n\t\t\t\t<div class=\"elementor-widget-container\">\n\t\t\t<h2 class=\"elementor-heading-title elementor-size-default\">Contact us<\/h2>\t\t<\/div>\n\t\t\t\t<\/div>\n\t\t\t\t<div class=\"elementor-element elementor-element-042e62e elementor-widget elementor-widget-text-editor\" data-id=\"042e62e\" data-element_type=\"widget\" data-widget_type=\"text-editor.default\">\n\t\t\t\t<div class=\"elementor-widget-container\">\n\t\t\t\t\t\t\t<p>By email : <a href=\"mailto:contact@energie-circulaire.com\">contact@energie-circulaire.com<\/a><\/p><p>By post: 12-14 Rue Vieux Faubourg, 59800 Lille<\/p>\t\t\t\t\t\t<\/div>\n\t\t\t\t<\/div>\n\t\t\t\t<\/div>\n\t\t<div class=\"elementor-element elementor-element-2cd700d e-con-full e-flex e-con e-child\" data-id=\"2cd700d\" data-element_type=\"container\">\n\t\t\t\t<div class=\"elementor-element elementor-element-2cef070 elementor-widget elementor-widget-heading\" data-id=\"2cef070\" data-element_type=\"widget\" data-widget_type=\"heading.default\">\n\t\t\t\t<div class=\"elementor-widget-container\">\n\t\t\t<h2 class=\"elementor-heading-title elementor-size-default\">Director of publication<\/h2>\t\t<\/div>\n\t\t\t\t<\/div>\n\t\t\t\t<div class=\"elementor-element elementor-element-bc3acd7 elementor-widget elementor-widget-text-editor\" data-id=\"bc3acd7\" data-element_type=\"widget\" data-widget_type=\"text-editor.default\">\n\t\t\t\t<div class=\"elementor-widget-container\">\n\t\t\t\t\t\t\t<p>The Site's publication director is Gilles David.<\/p>\t\t\t\t\t\t<\/div>\n\t\t\t\t<\/div>\n\t\t\t\t<div class=\"elementor-element elementor-element-6e11abb elementor-widget elementor-widget-heading\" data-id=\"6e11abb\" data-element_type=\"widget\" data-widget_type=\"heading.default\">\n\t\t\t\t<div class=\"elementor-widget-container\">\n\t\t\t<h2 class=\"elementor-heading-title elementor-size-default\">Personal data<\/h2>\t\t<\/div>\n\t\t\t\t<\/div>\n\t\t\t\t<div class=\"elementor-element elementor-element-708aecb elementor-widget elementor-widget-text-editor\" data-id=\"708aecb\" data-element_type=\"widget\" data-widget_type=\"text-editor.default\">\n\t\t\t\t<div class=\"elementor-widget-container\">\n\t\t\t\t\t\t\t<p>The processing of your personal data complies with the General Data Protection Regulation 2016\/679 of 27 April 2016 (\"GDPR\").<\/p>\t\t\t\t\t\t<\/div>\n\t\t\t\t<\/div>\n\t\t\t\t<\/div>\n\t\t\t\t\t<\/div>\n\t\t\t\t<\/div>\n\t\t\t\t<\/div>","protected":false},"excerpt":{"rendered":"<p>Legal information In accordance with the provisions of French law no. 2004-575 of 21 June 2004 on confidence in the digital economy, users of the Circular Energy website are informed of the identity of the various parties involved in its creation and follow-up. Site publication This site, accessible at the URL https:\/\/energie-circulaire.com\/ (the \"Site\"), is [...].<\/p>","protected":false},"author":1,"featured_media":0,"parent":0,"menu_order":0,"comment_status":"closed","ping_status":"closed","template":"","meta":{"_acf_changed":false,"footnotes":""},"class_list":["post-2453","page","type-page","status-publish","hentry"],"acf":[],"yoast_head":"<!-- This site is optimized with the Yoast SEO plugin v23.8 - https:\/\/yoast.com\/wordpress\/plugins\/seo\/ -->\n<title>Mentions l\u00e9gales - \u00c9nergie Circulaire<\/title>\n<meta name=\"robots\" content=\"index, follow, max-snippet:-1, max-image-preview:large, max-video-preview:-1\" \/>\n<link rel=\"canonical\" href=\"https:\/\/energie-circulaire.com\/en\/mentions-legales\/\" \/>\n<meta property=\"og:locale\" content=\"en_GB\" \/>\n<meta property=\"og:type\" content=\"article\" \/>\n<meta property=\"og:title\" content=\"Mentions l\u00e9gales - \u00c9nergie Circulaire\" \/>\n<meta property=\"og:description\" content=\"Mentions l\u00e9gales Conform\u00e9ment aux dispositions de la loi n\u00b0 2004-575 du 21 juin 2004 pour la confiance en l\u2019\u00e9conomie num\u00e9rique, il est pr\u00e9cis\u00e9 aux utilisateurs du site Energie Circulaire l\u2019identit\u00e9 des diff\u00e9rents intervenants dans le cadre de sa r\u00e9alisation et de son suivi. \u00c9dition du site Le pr\u00e9sent site, accessible \u00e0 l\u2019URL https:\/\/energie-circulaire.com\/\u00a0(le \u00ab Site [&hellip;]\" \/>\n<meta property=\"og:url\" content=\"https:\/\/energie-circulaire.com\/en\/mentions-legales\/\" \/>\n<meta property=\"og:site_name\" content=\"\u00c9nergie Circulaire\" \/>\n<meta property=\"article:modified_time\" content=\"2024-09-30T10:07:31+00:00\" \/>\n<meta name=\"twitter:card\" content=\"summary_large_image\" \/>\n<meta name=\"twitter:label1\" content=\"Estimated reading time\" \/>\n\t<meta name=\"twitter:data1\" content=\"1 minute\" \/>\n<script type=\"application\/ld+json\" class=\"yoast-schema-graph\">{\"@context\":\"https:\/\/schema.org\",\"@graph\":[{\"@type\":\"WebPage\",\"@id\":\"https:\/\/energie-circulaire.com\/mentions-legales\/\",\"url\":\"https:\/\/energie-circulaire.com\/mentions-legales\/\",\"name\":\"Mentions l\u00e9gales - \u00c9nergie Circulaire\",\"isPartOf\":{\"@id\":\"https:\/\/energie-circulaire.com\/#website\"},\"datePublished\":\"2024-07-11T10:18:47+00:00\",\"dateModified\":\"2024-09-30T10:07:31+00:00\",\"breadcrumb\":{\"@id\":\"https:\/\/energie-circulaire.com\/mentions-legales\/#breadcrumb\"},\"inLanguage\":\"en-GB\",\"potentialAction\":[{\"@type\":\"ReadAction\",\"target\":[\"https:\/\/energie-circulaire.com\/mentions-legales\/\"]}]},{\"@type\":\"BreadcrumbList\",\"@id\":\"https:\/\/energie-circulaire.com\/mentions-legales\/#breadcrumb\",\"itemListElement\":[{\"@type\":\"ListItem\",\"position\":1,\"name\":\"Accueil\",\"item\":\"https:\/\/energie-circulaire.com\/\"},{\"@type\":\"ListItem\",\"position\":2,\"name\":\"Mentions l\u00e9gales\"}]},{\"@type\":\"WebSite\",\"@id\":\"https:\/\/energie-circulaire.com\/#website\",\"url\":\"https:\/\/energie-circulaire.com\/\",\"name\":\"\u00c9nergie Circulaire\",\"description\":\"Recovering fatal industrial energy with ORC\",\"publisher\":{\"@id\":\"https:\/\/energie-circulaire.com\/#organization\"},\"potentialAction\":[{\"@type\":\"SearchAction\",\"target\":{\"@type\":\"EntryPoint\",\"urlTemplate\":\"https:\/\/energie-circulaire.com\/?s={search_term_string}\"},\"query-input\":{\"@type\":\"PropertyValueSpecification\",\"valueRequired\":true,\"valueName\":\"search_term_string\"}}],\"inLanguage\":\"en-GB\"},{\"@type\":\"Organization\",\"@id\":\"https:\/\/energie-circulaire.com\/#organization\",\"name\":\"\u00c9nergie Circulaire\",\"url\":\"https:\/\/energie-circulaire.com\/\",\"logo\":{\"@type\":\"ImageObject\",\"inLanguage\":\"en-GB\",\"@id\":\"https:\/\/energie-circulaire.com\/#\/schema\/logo\/image\/\",\"url\":\"https:\/\/energie-circulaire.com\/wp-content\/uploads\/2024\/06\/ENCI-Logo2024-RVB.svg\",\"contentUrl\":\"https:\/\/energie-circulaire.com\/wp-content\/uploads\/2024\/06\/ENCI-Logo2024-RVB.svg\",\"width\":543,\"height\":164,\"caption\":\"\u00c9nergie Circulaire\"},\"image\":{\"@id\":\"https:\/\/energie-circulaire.com\/#\/schema\/logo\/image\/\"}}]}<\/script>\n<!-- \/ Yoast SEO plugin. -->","yoast_head_json":{"title":"Mentions l\u00e9gales - \u00c9nergie Circulaire","robots":{"index":"index","follow":"follow","max-snippet":"max-snippet:-1","max-image-preview":"max-image-preview:large","max-video-preview":"max-video-preview:-1"},"canonical":"https:\/\/energie-circulaire.com\/en\/mentions-legales\/","og_locale":"en_GB","og_type":"article","og_title":"Mentions l\u00e9gales - \u00c9nergie Circulaire","og_description":"Mentions l\u00e9gales Conform\u00e9ment aux dispositions de la loi n\u00b0 2004-575 du 21 juin 2004 pour la confiance en l\u2019\u00e9conomie num\u00e9rique, il est pr\u00e9cis\u00e9 aux utilisateurs du site Energie Circulaire l\u2019identit\u00e9 des diff\u00e9rents intervenants dans le cadre de sa r\u00e9alisation et de son suivi. \u00c9dition du site Le pr\u00e9sent site, accessible \u00e0 l\u2019URL https:\/\/energie-circulaire.com\/\u00a0(le \u00ab Site [&hellip;]","og_url":"https:\/\/energie-circulaire.com\/en\/mentions-legales\/","og_site_name":"\u00c9nergie Circulaire","article_modified_time":"2024-09-30T10:07:31+00:00","twitter_card":"summary_large_image","twitter_misc":{"Estimated reading time":"1 minute"},"schema":{"@context":"https:\/\/schema.org","@graph":[{"@type":"WebPage","@id":"https:\/\/energie-circulaire.com\/mentions-legales\/","url":"https:\/\/energie-circulaire.com\/mentions-legales\/","name":"Mentions l\u00e9gales - \u00c9nergie Circulaire","isPartOf":{"@id":"https:\/\/energie-circulaire.com\/#website"},"datePublished":"2024-07-11T10:18:47+00:00","dateModified":"2024-09-30T10:07:31+00:00","breadcrumb":{"@id":"https:\/\/energie-circulaire.com\/mentions-legales\/#breadcrumb"},"inLanguage":"en-GB","potentialAction":[{"@type":"ReadAction","target":["https:\/\/energie-circulaire.com\/mentions-legales\/"]}]},{"@type":"BreadcrumbList","@id":"https:\/\/energie-circulaire.com\/mentions-legales\/#breadcrumb","itemListElement":[{"@type":"ListItem","position":1,"name":"Accueil","item":"https:\/\/energie-circulaire.com\/"},{"@type":"ListItem","position":2,"name":"Mentions l\u00e9gales"}]},{"@type":"WebSite","@id":"https:\/\/energie-circulaire.com\/#website","url":"https:\/\/energie-circulaire.com\/","name":"\u00c9nergie Circulaire","description":"Recovering fatal industrial energy with ORC","publisher":{"@id":"https:\/\/energie-circulaire.com\/#organization"},"potentialAction":[{"@type":"SearchAction","target":{"@type":"EntryPoint","urlTemplate":"https:\/\/energie-circulaire.com\/?s={search_term_string}"},"query-input":{"@type":"PropertyValueSpecification","valueRequired":true,"valueName":"search_term_string"}}],"inLanguage":"en-GB"},{"@type":"Organization","@id":"https:\/\/energie-circulaire.com\/#organization","name":"\u00c9nergie Circulaire","url":"https:\/\/energie-circulaire.com\/","logo":{"@type":"ImageObject","inLanguage":"en-GB","@id":"https:\/\/energie-circulaire.com\/#\/schema\/logo\/image\/","url":"https:\/\/energie-circulaire.com\/wp-content\/uploads\/2024\/06\/ENCI-Logo2024-RVB.svg","contentUrl":"https:\/\/energie-circulaire.com\/wp-content\/uploads\/2024\/06\/ENCI-Logo2024-RVB.svg","width":543,"height":164,"caption":"\u00c9nergie Circulaire"},"image":{"@id":"https:\/\/energie-circulaire.com\/#\/schema\/logo\/image\/"}}]}},"_links":{"self":[{"href":"https:\/\/energie-circulaire.com\/en\/wp-json\/wp\/v2\/pages\/2453","targetHints":{"allow":["GET"]}}],"collection":[{"href":"https:\/\/energie-circulaire.com\/en\/wp-json\/wp\/v2\/pages"}],"about":[{"href":"https:\/\/energie-circulaire.com\/en\/wp-json\/wp\/v2\/types\/page"}],"author":[{"embeddable":true,"href":"https:\/\/energie-circulaire.com\/en\/wp-json\/wp\/v2\/users\/1"}],"replies":[{"embeddable":true,"href":"https:\/\/energie-circulaire.com\/en\/wp-json\/wp\/v2\/comments?post=2453"}],"version-history":[{"count":37,"href":"https:\/\/energie-circulaire.com\/en\/wp-json\/wp\/v2\/pages\/2453\/revisions"}],"predecessor-version":[{"id":3286,"href":"https:\/\/energie-circulaire.com\/en\/wp-json\/wp\/v2\/pages\/2453\/revisions\/3286"}],"wp:attachment":[{"href":"https:\/\/energie-circulaire.com\/en\/wp-json\/wp\/v2\/media?parent=2453"}],"curies":[{"name":"wp","href":"https:\/\/api.w.org\/{rel}","templated":true}]}}